{"id":97,"date":"2021-03-29T06:37:57","date_gmt":"2021-03-29T06:37:57","guid":{"rendered":"http:\/\/kt.hdweb24h.com\/T3-2021\/vespadongphuong.com\/?page_id=97"},"modified":"2021-09-24T18:20:18","modified_gmt":"2021-09-24T11:20:18","slug":"gioi-thieu","status":"publish","type":"page","link":"https:\/\/cafecontrol.com.vn\/en\/gioi-thieu\/","title":{"rendered":"Introduce"},"content":{"rendered":"<p><section class=\"kc-elm kc-css-400897 kc_row\"><div class=\"kc-row-container  kc-container\"><div class=\"kc-wrap-columns\"><div class=\"kc-elm kc-css-720172 kc_col-sm-5 kc_column kc_col-sm-5\"><div class=\"kc-col-container\"><div class=\"kc-elm kc-css-908994\" style=\"height: 30px; clear: both; width:100%;\"><\/div><div class=\"kc-elm kc-css-494178 kc_shortcode kc_single_image\">\n\n        <img decoding=\"async\" src=\"https:\/\/cafecontrol.com.vn\/wp-content\/uploads\/2021\/06\/gioi-thieu_new.jpg\" class=\"\" alt=\"\" \/>    <\/div>\n<\/div><\/div><div class=\"kc-elm kc-css-692717 kc_col-sm-7 kc_column kc_col-sm-7\"><div class=\"kc-col-container\"><div class=\"kc-elm kc-css-178793\" style=\"height: 20px; clear: both; width:100%;\"><\/div>\n<div class=\"kc-elm kc-css-247340 kc-title-wrap \">\n\n\t<h2 class=\"kc_title title-gt\">THE SUPERINTENDENCE AND INSPECTION OF COFFEE AND PRODUCTS FOR EXPORT AND IMPORT JOINT STOCK COMPANY (CAFECONTROL)\r\n<\/h2>\n<\/div>\n\n<div class=\"kc-elm kc-css-800920 kc-title-wrap \">\n\n\t<h2 class=\"kc_title title-gt\">THE SUPERINTENDENCE AND INSPECTION OF COFFEE AND PRODUCTS FOR EXPORT AND IMPORT JOINT STOCK COMPANY (CAFECONTROL)<\/h2>\n<\/div>\n<div class=\"kc-elm kc-css-883618\" style=\"height: 20px; clear: both; width:100%;\"><\/div><div class=\"kc-elm kc-css-691082 kc_text_block\"><\/p>\n<p><span style=\"font-weight: 400;\">The Superintendence and Inspection of Coffee and Products for Export and Import Joint Stock Company (CAFECONTROL), formerly \u201cVietnam Coffee Research and Quality Control Center\u201d directly under the Ministry of Agriculture and Rural Development was established in 1989.<\/span><\/p>\n<\/p>\n<p><span style=\"font-weight: 400;\">CAFECONTROL is a members of many trade associations, such as Vietnam Coffee &#8211; Cocoa Association (VICOFA), Vietnam Cashew Association (VINACAS), Vietnam Pepper Association (VPA), and Vietnam Association of Fumigation\u2026<\/span><\/p>\n<\/p>\n<p><span style=\"font-weight: 400;\">Over many years of operation and development, CAFECONTROL has made major contributions in inspecting the products\u2019 quality for trading, import and export of Vietnam&#039;s agricultural products.<\/span><\/p>\n<\/p>\n<p><span style=\"font-weight: 400;\">CAFECONTROL has the head office located in Ho Chi Minh City, 05 branches as well as on-site stations and teams across the raw material area of the whole country, and a system of cup-testing, analysis and laboratory equipped with modern tools and machines for inspecting and analyzing criteria, such as physical and mechanical properties, Aflatoxin, Ochratoxin and microbial testing in food and agricultural products.<\/span><\/p>\n<\/p>\n<p><span style=\"font-weight: 400;\">CAFECONTROL is one of the members cooperating with the Ministry of Science and Technology, Directorate for Standards, Metrology and Quality and the Ministry of Agriculture and Rural Development to develop the national standards for some of Vietnam\u2019s agricultural commodities: coffee, cashew nut\u2026<\/span><\/p>\n<p>\n<\/div><\/div><\/div><\/div><\/div><\/section><section class=\"kc-elm kc-css-843234 kc_row\"><div class=\"kc-row-container  kc-container\"><div class=\"kc-wrap-columns\"><div class=\"kc-elm kc-css-335354 kc_col-sm-12 kc_column kc_col-sm-12\"><div class=\"kc-col-container\"><div class=\"kc-elm kc-css-344658\" style=\"height: 20px; clear: both; width:100%;\"><\/div><div class=\"kc-elm kc-css-147831 kc_text_block\"><\/p>\n<p><span style=\"font-weight: 400;\">The Company has a staff of more than 220 inspectors, auditors and technicians who were officially graduated from domestic and foreign universities and colleges, meeting the qualification needs for services, inspection of coffee, cashew nut, pepper, rice, tapioca, desiccated coconut, cinnamon, anise\u2026; certification of products under UTZ\/Rainforest Alliance standard, 4C, VietGAP, Organic, Sustainable Forest Certification, Geographical Indication for Vietnam\u2019s agricultural products; fumigation of goods for export and import; and preservation of agricultural products, handicrafts, beer and wood\u2026<\/span><\/p>\n<\/p>\n<p><span style=\"font-weight: 400;\">CAFECONTROL, through 32-year experience of establishment and development, is growing stronger and stronger, as a pioneering multi-service provider in Inspection, Testing, Certification, Fumigation and some other fields in Vietnam.<\/span><\/p>\n<\/p>\n<p><b>CAFECONTROL<\/b><span style=\"font-weight: 400;\"> is very proud to be one of the top companies in inspection, fumigation and certification of Vietnam, particularly:<\/span><\/p>\n<p><span style=\"font-weight: 400;\">&#8211; Inspecting coffee, cashew nut, pepper, rice, cocoa, tea and other agricultural products<\/span><\/p>\n<p><span style=\"font-weight: 400;\">&#8211; Auditing and certifying the product and quality system under \u00a0 UTZ\/Rainforest Alliance standard, 4C, VietGAP, Organic Agriculture, Sustainable Forest Certification\u2026<\/span><\/p>\n<p><span style=\"font-weight: 400;\">&#8211; Fumigating goods for export and import under AFAS standard, environmental cleaning, warehouse cleaning\u2026<\/span><\/p>\n<p><span style=\"font-weight: 400;\">Our motto in serving our clients is:<\/span><\/p>\n<p><b>\u201cQUALITY OF INSPECTION, FUMIGATION AND PRODUCT CERTIFICATION ACKNOWLEDGED ALL OVER THE WORLD\u201d<\/b><\/p>\n<p>\n<\/div><div class=\"kc-elm kc-css-808538\" style=\"height: 20px; clear: both; width:100%;\"><\/div><\/div><\/div><\/div><\/div><\/section><section class=\"kc-elm kc-css-140302 kc_row couter-gt\"><div class=\"kc-row-container\"><div class=\"kc-wrap-columns\"><div class=\"kc-elm kc-css-571338 kc_col-sm-12 kc_column kc_col-sm-12\"><div class=\"kc-col-container\"><div class=\"kc-elm kc-css-208235\" style=\"height: 40px; clear: both; width:100%;\"><\/div><div class=\"widget widget_webhd_couter kc-elm kc-css-667114\">\t\n\t\t<section   class=\"section section-couter\">\t\n\t\t   <div class=\"container\">\n\t\t   \t\t<div class=\"scrollcouter\">\n\t\t   \t\t\t<div class=\"box-couter\">\n\t\t   \t\t\t\t<div class=\"number-couter\">\n\t   \t\t\t\t\t\t<div class=\"counter\">32<\/div> \n\t   \t\t\t\t\t\t<span>+<\/span>\n   \t\t\t\t\t\t<\/div>\n\t   \t\t\t\t\t<div class=\"text-couter\">N\u0102M KINH NGHI\u1ec6M<\/div>\n\t\t   \t\t\t<\/div> \n\t\t   \t\t\t<div class=\"box-couter\">\n\t   \t\t\t\t\t<div class=\"number-couter\">\n\t   \t\t\t\t\t\t<div class=\"counter\">10<\/div> \n\t   \t\t\t\t\t\t<span>+<\/span>\n   \t\t\t\t\t\t<\/div>\n\t   \t\t\t\t\t<div class=\"text-couter\">TR\u1ee4 S\u1ede V\u00c0 CHI NH\u00c1NH<\/div>\n\t\t   \t\t\t<\/div> \n\t\t   \t\t\t<div class=\"box-couter\">\n\t   \t\t\t\t\t<div class=\"number-couter\">\n\t   \t\t\t\t\t\t<div class=\"counter\">231<\/div> \n\t   \t\t\t\t\t\t<span>+<\/span>\n   \t\t\t\t\t\t<\/div>\n\t   \t\t\t\t\t<div class=\"text-couter\">\u0110\u1ed8I NG\u0168 NH\u00c2N S\u1ef0<\/div>\n\t\t   \t\t\t<\/div> \n\t\t   \t\t\t<div class=\"box-couter\">\n\t   \t\t\t\t\t<div class=\"number-couter\">\n\t   \t\t\t\t\t\t<div class=\"counter\">500<\/div> \n\t   \t\t\t\t\t\t<span>+<\/span>\n   \t\t\t\t\t\t<\/div>\n\t   \t\t\t\t\t<div class=\"text-couter\">KH\u00c1CH H\u00c0NG TRONG V\u00c0 NGO\u00c0I N\u01af\u1edaC<\/div>\n\t\t   \t\t\t<\/div> \n\t\t   \t\t<\/div> \n\t\t   \t\t<script src=\"https:\/\/cdnjs.cloudflare.com\/ajax\/libs\/waypoints\/2.0.3\/waypoints.min.js\"><\/script>\n\t\t   \t\t<script src=\"https:\/\/cdn.jsdelivr.net\/jquery.counterup\/1.0\/jquery.counterup.min.js\"><\/script>\n\t\t   \t\t<script id=\"rendered-js\">\n\t\t\t\t\tjQuery('.counter').counterUp({\n\t\t\t\t\t  delay: 10,\n\t\t\t\t\t  time: 2000 });\n\n\t\t\t\t\tjQuery('.counter').addClass('animated');\n\t\t\t\t\t\/\/# sourceURL=pen.js\n\t\t\t    <\/script>\n\t\t   <\/div>\n\t\t<\/section> \t\t\t\n\t\t<\/div><\/div><\/div><\/div><\/div><\/section><section class=\"kc-elm kc-css-287227 kc_row\"><div class=\"kc-row-container  kc-container\"><div class=\"kc-wrap-columns\"><div class=\"kc-elm kc-css-420469 kc_col-sm-12 kc_column kc_col-sm-12\"><div class=\"kc-col-container\"><div class=\"kc-elm kc-css-384887\" style=\"height: 100px; clear: both; width:100%;\"><\/div><div class=\"kc-elm kc-css-471617 kc_row kc_row_inner\"><div class=\"kc-elm kc-css-790935 kc_col-of-5 kc_column_inner kc_col-of-5\"><div class=\"kc_wrapper kc-col-inner-container\"><\/div><\/div><div class=\"kc-elm kc-css-243674 kc_col-sm-7 kc_column_inner kc_col-sm-7\"><div class=\"kc_wrapper kc-col-inner-container\"><div class=\"kc-elm kc-css-898591 kc_row kc_row_inner\"><div class=\"kc-elm kc-css-849910 kc_col-sm-12 kc_column_inner kc_col-sm-12\"><div class=\"kc_wrapper kc-col-inner-container\">\n<div class=\"kc-elm kc-css-992960 kc-title-wrap \">\n\n\t<h3 class=\"kc_title title2-gt\">Find Your Work Now<\/h3>\n<\/div>\n<div class=\"kc-elm kc-css-984753\" style=\"height: 20px; clear: both; width:100%;\"><\/div><div class=\"kc-elm kc-css-138072 kc_text_block\"><\/p>\n<p style=\"text-align: justify;\">It is a long established fact that a reader will be distracted by the readable content of a page when looking at its layout. The point of using Lorem Ipsum is that.<\/p>\n<p>\n<\/div><div class=\"kc-elm kc-css-872713\" style=\"height: 20px; clear: both; width:100%;\"><\/div>\n<div class=\"kc-elm kc-css-740205\">\n\t<a class=\"kc_button button-gt\" href=\"#\" onclick=\"\">\n\t\tXem ngay\t<\/a>\n<\/div>\n<\/div><\/div><\/div><\/div><\/div><div class=\"kc-elm kc-css-485462 kc_col-of-5 kc_column_inner kc_col-of-5\"><div class=\"kc_wrapper kc-col-inner-container\"><\/div><\/div><\/div><div class=\"kc-elm kc-css-770264\" style=\"height: 100px; clear: both; width:100%;\"><\/div><\/div><\/div><\/div><\/div><\/section><\/p>","protected":false},"excerpt":{"rendered":"","protected":false},"author":1,"featured_media":0,"parent":0,"menu_order":0,"comment_status":"closed","ping_status":"closed","template":"templace-page.php","meta":{"footnotes":""},"class_list":["post-97","page","type-page","status-publish","hentry","entry"],"_links":{"self":[{"href":"https:\/\/cafecontrol.com.vn\/en\/wp-json\/wp\/v2\/pages\/97","targetHints":{"allow":["GET"]}}],"collection":[{"href":"https:\/\/cafecontrol.com.vn\/en\/wp-json\/wp\/v2\/pages"}],"about":[{"href":"https:\/\/cafecontrol.com.vn\/en\/wp-json\/wp\/v2\/types\/page"}],"author":[{"embeddable":true,"href":"https:\/\/cafecontrol.com.vn\/en\/wp-json\/wp\/v2\/users\/1"}],"replies":[{"embeddable":true,"href":"https:\/\/cafecontrol.com.vn\/en\/wp-json\/wp\/v2\/comments?post=97"}],"version-history":[{"count":73,"href":"https:\/\/cafecontrol.com.vn\/en\/wp-json\/wp\/v2\/pages\/97\/revisions"}],"predecessor-version":[{"id":1964,"href":"https:\/\/cafecontrol.com.vn\/en\/wp-json\/wp\/v2\/pages\/97\/revisions\/1964"}],"wp:attachment":[{"href":"https:\/\/cafecontrol.com.vn\/en\/wp-json\/wp\/v2\/media?parent=97"}],"curies":[{"name":"wp","href":"https:\/\/api.w.org\/{rel}","templated":true}]}}